{"id":13209,"date":"2023-03-06T16:24:27","date_gmt":"2023-03-06T16:24:27","guid":{"rendered":"https:\/\/goldfishlab.lu\/?page_id=13209"},"modified":"2024-08-29T22:10:15","modified_gmt":"2024-08-29T22:10:15","slug":"hirosushi","status":"publish","type":"page","link":"https:\/\/goldfishlab.lu\/fr\/portfolio\/hirosushi\/","title":{"rendered":"Hirosushi"},"content":{"rendered":"<div data-elementor-type=\"wp-post\" data-elementor-id=\"13209\" class=\"elementor elementor-13209\" data-elementor-post-type=\"page\">\n\t\t\t\t\t\t<section class=\"elementor-section elementor-top-section elementor-element elementor-element-1e1491b elementor-section-full_width elementor-reverse-mobile elementor-section-height-default elementor-section-height-default\" data-id=\"1e1491b\" data-element_type=\"section\" data-e-type=\"section\" data-settings=\"{&quot;background_background&quot;:&quot;classic&quot;}\">\n\t\t\t\t\t\t<div class=\"elementor-container elementor-column-gap-default\">\n\t\t\t\t\t<div class=\"elementor-column elementor-col-100 elementor-top-column elementor-element elementor-element-561cb67\" data-id=\"561cb67\" data-element_type=\"column\" data-e-type=\"column\" data-settings=\"{&quot;background_background&quot;:&quot;classic&quot;}\">\n\t\t\t<div class=\"elementor-widget-wrap elementor-element-populated\">\n\t\t\t\t\t\t<div class=\"elementor-element elementor-element-23c874d elementor-widget elementor-widget-heading\" data-id=\"23c874d\" data-element_type=\"widget\" data-e-type=\"widget\" data-widget_type=\"heading.default\">\n\t\t\t\t<div class=\"elementor-widget-container\">\n\t\t\t\t\t<div class=\"elementor-heading-title elementor-size-default\">Portfolio<\/div>\t\t\t\t<\/div>\n\t\t\t\t<\/div>\n\t\t\t\t<div class=\"elementor-element elementor-element-5433804 elementor-widget elementor-widget-heading\" data-id=\"5433804\" data-element_type=\"widget\" data-e-type=\"widget\" data-widget_type=\"heading.default\">\n\t\t\t\t<div class=\"elementor-widget-container\">\n\t\t\t\t\t<div class=\"elementor-heading-title elementor-size-default\">Secteur d&#039;activit\u00e9\u00a0: conf\u00e9rencier en affaires internationales<\/div>\t\t\t\t<\/div>\n\t\t\t\t<\/div>\n\t\t\t\t<div class=\"elementor-element elementor-element-dc6cef5 elementor-widget elementor-widget-heading\" data-id=\"dc6cef5\" data-element_type=\"widget\" data-e-type=\"widget\" data-widget_type=\"heading.default\">\n\t\t\t\t<div class=\"elementor-widget-container\">\n\t\t\t\t\t<h1 class=\"elementor-heading-title elementor-size-default\">Hirosushi<\/h1>\t\t\t\t<\/div>\n\t\t\t\t<\/div>\n\t\t\t\t<div class=\"elementor-element elementor-element-2c69f6a elementor-view-stacked elementor-shape-square elementor-position-inline-start elementor-widget elementor-widget-icon-box\" data-id=\"2c69f6a\" data-element_type=\"widget\" data-e-type=\"widget\" data-widget_type=\"icon-box.default\">\n\t\t\t\t<div class=\"elementor-widget-container\">\n\t\t\t\t\t\t\t<div class=\"elementor-icon-box-wrapper\">\n\n\t\t\t\t\t\t<div class=\"elementor-icon-box-icon\">\n\t\t\t\t<a href=\"https:\/\/goldfishlab.lu\/fr\/portfolio\/\" class=\"elementor-icon\" tabindex=\"-1\" aria-label=\"Retour au portefeuille\">\n\t\t\t\t<i aria-hidden=\"true\" class=\"fas fa-long-arrow-alt-left\"><\/i>\t\t\t\t<\/a>\n\t\t\t<\/div>\n\t\t\t\n\t\t\t\t\t\t<div class=\"elementor-icon-box-content\">\n\n\t\t\t\t\t\t\t\t\t<div class=\"elementor-icon-box-title\">\n\t\t\t\t\t\t<a href=\"https:\/\/goldfishlab.lu\/fr\/portfolio\/\" >\n\t\t\t\t\t\t\tRetour au portefeuille\t\t\t\t\t\t<\/a>\n\t\t\t\t\t<\/div>\n\t\t\t\t\n\t\t\t\t\n\t\t\t<\/div>\n\t\t\t\n\t\t<\/div>\n\t\t\t\t\t\t<\/div>\n\t\t\t\t<\/div>\n\t\t\t\t<div class=\"elementor-element elementor-element-759173d elementor-widget-divider--view-line elementor-widget elementor-widget-divider\" data-id=\"759173d\" data-element_type=\"widget\" data-e-type=\"widget\" data-widget_type=\"divider.default\">\n\t\t\t\t<div class=\"elementor-widget-container\">\n\t\t\t\t\t\t\t<div class=\"elementor-divider\">\n\t\t\t<span class=\"elementor-divider-separator\">\n\t\t\t\t\t\t<\/span>\n\t\t<\/div>\n\t\t\t\t\t\t<\/div>\n\t\t\t\t<\/div>\n\t\t\t\t\t<\/div>\n\t\t<\/div>\n\t\t\t\t\t<\/div>\n\t\t<\/section>\n\t\t\t\t<section class=\"elementor-section elementor-top-section elementor-element elementor-element-6954c6b elementor-section-boxed elementor-section-height-default elementor-section-height-default\" data-id=\"6954c6b\" data-element_type=\"section\" data-e-type=\"section\" data-settings=\"{&quot;background_background&quot;:&quot;classic&quot;}\">\n\t\t\t\t\t\t<div class=\"elementor-container elementor-column-gap-default\">\n\t\t\t\t\t<div class=\"elementor-column elementor-col-50 elementor-top-column elementor-element elementor-element-97494a0\" data-id=\"97494a0\" data-element_type=\"column\" data-e-type=\"column\">\n\t\t\t<div class=\"elementor-widget-wrap elementor-element-populated\">\n\t\t\t\t\t\t<div class=\"elementor-element elementor-element-7a0a845 elementor-widget elementor-widget-heading\" data-id=\"7a0a845\" data-element_type=\"widget\" data-e-type=\"widget\" data-widget_type=\"heading.default\">\n\t\t\t\t<div class=\"elementor-widget-container\">\n\t\t\t\t\t<h3 class=\"elementor-heading-title elementor-size-default\">Pr\u00e9sentation des clients<\/h3>\t\t\t\t<\/div>\n\t\t\t\t<\/div>\n\t\t\t\t<div class=\"elementor-element elementor-element-c6c709a elementor-widget elementor-widget-text-editor\" data-id=\"c6c709a\" data-element_type=\"widget\" data-e-type=\"widget\" data-widget_type=\"text-editor.default\">\n\t\t\t\t<div class=\"elementor-widget-container\">\n\t\t\t\t\t\t\t\t\t<p>Hirosushi est un petit restaurant de sushis au Luxembourg avec deux emplacements \u00e0 Luxembourg-Ville et \u00e0 Mondorff, offrant de d\u00e9licieux sushis et une cuisine japonaise \u00e0 ses clients.<\/p>\t\t\t\t\t\t\t\t<\/div>\n\t\t\t\t<\/div>\n\t\t\t\t<div class=\"elementor-element elementor-element-1431cba elementor-widget elementor-widget-heading\" data-id=\"1431cba\" data-element_type=\"widget\" data-e-type=\"widget\" data-widget_type=\"heading.default\">\n\t\t\t\t<div class=\"elementor-widget-container\">\n\t\t\t\t\t<h3 class=\"elementor-heading-title elementor-size-default\">Objectif\n<\/h3>\t\t\t\t<\/div>\n\t\t\t\t<\/div>\n\t\t\t\t<div class=\"elementor-element elementor-element-d821cae elementor-widget elementor-widget-text-editor\" data-id=\"d821cae\" data-element_type=\"widget\" data-e-type=\"widget\" data-widget_type=\"text-editor.default\">\n\t\t\t\t<div class=\"elementor-widget-container\">\n\t\t\t\t\t\t\t\t\t<p>Le projet visait \u00e0 atteindre les objectifs suivants :<\/p><ul><li>Cr\u00e9ez un logo visuellement attrayant et m\u00e9morable pour Hirosushi qui repr\u00e9sente la cuisine japonaise.<\/li><li>Concevez un site Web d&#039;une page convivial qui offre aux clients un acc\u00e8s facile aux menus et \u00e0 la r\u00e9servation, des photos de qualit\u00e9 des plats et des informations de contact.<\/li><li>Assurez-vous que le site Web est facilement accessible sur les appareils mobiles tels que les smartphones et les tablettes.<\/li><li>Cr\u00e9ez une identit\u00e9 visuelle coh\u00e9rente pour Hirosushi, en utilisant une image de marque coh\u00e9rente sur le logo et le site Web faisant r\u00e9f\u00e9rence \u00e0 l&#039;h\u00e9ritage japonais.<\/li><\/ul>\t\t\t\t\t\t\t\t<\/div>\n\t\t\t\t<\/div>\n\t\t\t\t<div class=\"elementor-element elementor-element-7fe3cee elementor-widget elementor-widget-heading\" data-id=\"7fe3cee\" data-element_type=\"widget\" data-e-type=\"widget\" data-widget_type=\"heading.default\">\n\t\t\t\t<div class=\"elementor-widget-container\">\n\t\t\t\t\t<h3 class=\"elementor-heading-title elementor-size-default\">Approche\n<\/h3>\t\t\t\t<\/div>\n\t\t\t\t<\/div>\n\t\t\t\t<div class=\"elementor-element elementor-element-6af90ec elementor-widget elementor-widget-text-editor\" data-id=\"6af90ec\" data-element_type=\"widget\" data-e-type=\"widget\" data-widget_type=\"text-editor.default\">\n\t\t\t\t<div class=\"elementor-widget-container\">\n\t\t\t\t\t\t\t\t\t<p>Nous avons commenc\u00e9 par rechercher diverses ressources en ligne pour nous inspirer de la culture et de l&#039;esth\u00e9tique japonaises afin de cr\u00e9er un logo et un site Web qui repr\u00e9sentent avec pr\u00e9cision l&#039;identit\u00e9 de la marque Hirosushi.<\/p><p>Nous avons con\u00e7u le site Web avec un th\u00e8me en mode sombre selon la demande du client.<\/p><p>Nous avons travaill\u00e9 en \u00e9troite collaboration avec eux pour d\u00e9velopper un site Web visuellement \u00e9poustouflant qui offre un acc\u00e8s facile aux menus, aux r\u00e9servations et aux informations de contact.<\/p><p>Pour encourager les clients du restaurant \u00e0 faire des r\u00e9servations, nous avons mis l&#039;accent sur les belles images des offres du restaurant et ajout\u00e9 un lien vers les avis Google.<\/p><p>Nous nous sommes \u00e9galement assur\u00e9s que le site Web est adapt\u00e9 aux mobiles.<\/p>\t\t\t\t\t\t\t\t<\/div>\n\t\t\t\t<\/div>\n\t\t\t\t\t<\/div>\n\t\t<\/div>\n\t\t\t\t<div class=\"elementor-column elementor-col-50 elementor-top-column elementor-element elementor-element-8ebf741\" data-id=\"8ebf741\" data-element_type=\"column\" data-e-type=\"column\">\n\t\t\t<div class=\"elementor-widget-wrap elementor-element-populated\">\n\t\t\t\t\t\t<div class=\"elementor-element elementor-element-652ce0f elementor-widget elementor-widget-heading\" data-id=\"652ce0f\" data-element_type=\"widget\" data-e-type=\"widget\" data-widget_type=\"heading.default\">\n\t\t\t\t<div class=\"elementor-widget-container\">\n\t\t\t\t\t<h4 class=\"elementor-heading-title elementor-size-default\">Bref<\/h4>\t\t\t\t<\/div>\n\t\t\t\t<\/div>\n\t\t\t\t<div class=\"elementor-element elementor-element-1d2275e elementor-widget elementor-widget-heading\" data-id=\"1d2275e\" data-element_type=\"widget\" data-e-type=\"widget\" data-widget_type=\"heading.default\">\n\t\t\t\t<div class=\"elementor-widget-container\">\n\t\t\t\t\t<h4 class=\"elementor-heading-title elementor-size-default\">Services<\/h4>\t\t\t\t<\/div>\n\t\t\t\t<\/div>\n\t\t\t\t<div class=\"elementor-element elementor-element-5604da5 elementor-icon-list--layout-traditional elementor-list-item-link-full_width elementor-widget elementor-widget-icon-list\" data-id=\"5604da5\" data-element_type=\"widget\" data-e-type=\"widget\" data-widget_type=\"icon-list.default\">\n\t\t\t\t<div class=\"elementor-widget-container\">\n\t\t\t\t\t\t\t<ul class=\"elementor-icon-list-items\">\n\t\t\t\t\t\t\t<li class=\"elementor-icon-list-item\">\n\t\t\t\t\t\t\t\t\t\t\t<span class=\"elementor-icon-list-icon\">\n\t\t\t\t\t\t\t<i aria-hidden=\"true\" class=\"far fa-check-circle\"><\/i>\t\t\t\t\t\t<\/span>\n\t\t\t\t\t\t\t\t\t\t<span class=\"elementor-icon-list-text\">Conception de site Web<\/span>\n\t\t\t\t\t\t\t\t\t<\/li>\n\t\t\t\t\t\t\t\t<li class=\"elementor-icon-list-item\">\n\t\t\t\t\t\t\t\t\t\t\t<span class=\"elementor-icon-list-icon\">\n\t\t\t\t\t\t\t<i aria-hidden=\"true\" class=\"far fa-check-circle\"><\/i>\t\t\t\t\t\t<\/span>\n\t\t\t\t\t\t\t\t\t\t<span class=\"elementor-icon-list-text\">D\u00e9veloppement WordPress<\/span>\n\t\t\t\t\t\t\t\t\t<\/li>\n\t\t\t\t\t\t\t\t<li class=\"elementor-icon-list-item\">\n\t\t\t\t\t\t\t\t\t\t\t<span class=\"elementor-icon-list-icon\">\n\t\t\t\t\t\t\t<i aria-hidden=\"true\" class=\"far fa-check-circle\"><\/i>\t\t\t\t\t\t<\/span>\n\t\t\t\t\t\t\t\t\t\t<span class=\"elementor-icon-list-text\">Formulaire de reservation<\/span>\n\t\t\t\t\t\t\t\t\t<\/li>\n\t\t\t\t\t\t<\/ul>\n\t\t\t\t\t\t<\/div>\n\t\t\t\t<\/div>\n\t\t\t\t<div class=\"elementor-element elementor-element-cb83bb0 elementor-widget elementor-widget-heading\" data-id=\"cb83bb0\" data-element_type=\"widget\" data-e-type=\"widget\" data-widget_type=\"heading.default\">\n\t\t\t\t<div class=\"elementor-widget-container\">\n\t\t\t\t\t<h4 class=\"elementor-heading-title elementor-size-default\">R\u00f4le<\/h4>\t\t\t\t<\/div>\n\t\t\t\t<\/div>\n\t\t\t\t<div class=\"elementor-element elementor-element-77a9678 elementor-icon-list--layout-traditional elementor-list-item-link-full_width elementor-widget elementor-widget-icon-list\" data-id=\"77a9678\" data-element_type=\"widget\" data-e-type=\"widget\" data-widget_type=\"icon-list.default\">\n\t\t\t\t<div class=\"elementor-widget-container\">\n\t\t\t\t\t\t\t<ul class=\"elementor-icon-list-items\">\n\t\t\t\t\t\t\t<li class=\"elementor-icon-list-item\">\n\t\t\t\t\t\t\t\t\t\t\t<span class=\"elementor-icon-list-icon\">\n\t\t\t\t\t\t\t<i aria-hidden=\"true\" class=\"far fa-check-circle\"><\/i>\t\t\t\t\t\t<\/span>\n\t\t\t\t\t\t\t\t\t\t<span class=\"elementor-icon-list-text\">Direction cr\u00e9ative<\/span>\n\t\t\t\t\t\t\t\t\t<\/li>\n\t\t\t\t\t\t\t\t<li class=\"elementor-icon-list-item\">\n\t\t\t\t\t\t\t\t\t\t\t<span class=\"elementor-icon-list-icon\">\n\t\t\t\t\t\t\t<i aria-hidden=\"true\" class=\"far fa-check-circle\"><\/i>\t\t\t\t\t\t<\/span>\n\t\t\t\t\t\t\t\t\t\t<span class=\"elementor-icon-list-text\">Conception graphique<\/span>\n\t\t\t\t\t\t\t\t\t<\/li>\n\t\t\t\t\t\t\t\t<li class=\"elementor-icon-list-item\">\n\t\t\t\t\t\t\t\t\t\t\t<span class=\"elementor-icon-list-icon\">\n\t\t\t\t\t\t\t<i aria-hidden=\"true\" class=\"far fa-check-circle\"><\/i>\t\t\t\t\t\t<\/span>\n\t\t\t\t\t\t\t\t\t\t<span class=\"elementor-icon-list-text\">D\u00e9veloppement frontal<\/span>\n\t\t\t\t\t\t\t\t\t<\/li>\n\t\t\t\t\t\t\t\t<li class=\"elementor-icon-list-item\">\n\t\t\t\t\t\t\t\t\t\t\t<span class=\"elementor-icon-list-icon\">\n\t\t\t\t\t\t\t<i aria-hidden=\"true\" class=\"far fa-check-circle\"><\/i>\t\t\t\t\t\t<\/span>\n\t\t\t\t\t\t\t\t\t\t<span class=\"elementor-icon-list-text\">D\u00e9veloppement WordPress<\/span>\n\t\t\t\t\t\t\t\t\t<\/li>\n\t\t\t\t\t\t<\/ul>\n\t\t\t\t\t\t<\/div>\n\t\t\t\t<\/div>\n\t\t\t\t\t<\/div>\n\t\t<\/div>\n\t\t\t\t\t<\/div>\n\t\t<\/section>\n\t\t\t\t<section class=\"elementor-section elementor-top-section elementor-element elementor-element-34c6927f elementor-section-content-middle elementor-section-boxed elementor-section-height-default elementor-section-height-default\" data-id=\"34c6927f\" data-element_type=\"section\" data-e-type=\"section\" data-settings=\"{&quot;background_background&quot;:&quot;classic&quot;}\">\n\t\t\t\t\t\t<div class=\"elementor-container elementor-column-gap-default\">\n\t\t\t\t\t<div class=\"elementor-column elementor-col-100 elementor-top-column elementor-element elementor-element-7c892e1\" data-id=\"7c892e1\" data-element_type=\"column\" data-e-type=\"column\">\n\t\t\t<div class=\"elementor-widget-wrap elementor-element-populated\">\n\t\t\t\t\t\t<div class=\"elementor-element elementor-element-1aede21 elementor-widget elementor-widget-image\" data-id=\"1aede21\" data-element_type=\"widget\" data-e-type=\"widget\" data-widget_type=\"image.default\">\n\t\t\t\t<div class=\"elementor-widget-container\">\n\t\t\t\t\t\t\t\t\t\t\t\t\t\t\t<img fetchpriority=\"high\" decoding=\"async\" width=\"550\" height=\"2560\" src=\"https:\/\/goldfishlab.lu\/wp-content\/uploads\/2023\/03\/hirosushi-web-design-home-page-scaled.jpg\" class=\"attachment-full size-full wp-image-13577\" alt=\"\" srcset=\"https:\/\/goldfishlab.lu\/wp-content\/uploads\/2023\/03\/hirosushi-web-design-home-page-scaled.jpg 550w, https:\/\/goldfishlab.lu\/wp-content\/uploads\/2023\/03\/hirosushi-web-design-home-page-768x3574.jpg 768w, https:\/\/goldfishlab.lu\/wp-content\/uploads\/2023\/03\/hirosushi-web-design-home-page-330x1536.jpg 330w, https:\/\/goldfishlab.lu\/wp-content\/uploads\/2023\/03\/hirosushi-web-design-home-page-440x2048.jpg 440w\" sizes=\"(max-width: 550px) 100vw, 550px\" \/>\t\t\t\t\t\t\t\t\t\t\t\t\t\t\t<\/div>\n\t\t\t\t<\/div>\n\t\t\t\t\t<\/div>\n\t\t<\/div>\n\t\t\t\t\t<\/div>\n\t\t<\/section>\n\t\t\t\t<section class=\"elementor-section elementor-top-section elementor-element elementor-element-895db86 elementor-section-boxed elementor-section-height-default elementor-section-height-default\" data-id=\"895db86\" data-element_type=\"section\" data-e-type=\"section\" data-settings=\"{&quot;background_background&quot;:&quot;classic&quot;}\">\n\t\t\t\t\t\t<div class=\"elementor-container elementor-column-gap-default\">\n\t\t\t\t\t<div class=\"elementor-column elementor-col-100 elementor-top-column elementor-element elementor-element-1ab721e\" data-id=\"1ab721e\" data-element_type=\"column\" data-e-type=\"column\">\n\t\t\t<div class=\"elementor-widget-wrap elementor-element-populated\">\n\t\t\t\t\t\t<div class=\"elementor-element elementor-element-102a9b0 elementor-widget elementor-widget-button\" data-id=\"102a9b0\" data-element_type=\"widget\" data-e-type=\"widget\" data-widget_type=\"button.default\">\n\t\t\t\t<div class=\"elementor-widget-container\">\n\t\t\t\t\t\t\t\t\t<div class=\"elementor-button-wrapper\">\n\t\t\t\t\t<a class=\"elementor-button elementor-button-link elementor-size-sm\" href=\"https:\/\/goldfishlab.lu\/fr\/portfolio\/\">\n\t\t\t\t\t\t<span class=\"elementor-button-content-wrapper\">\n\t\t\t\t\t\t<span class=\"elementor-button-icon\">\n\t\t\t\t<i aria-hidden=\"true\" class=\"far fa-arrow-alt-circle-left\"><\/i>\t\t\t<\/span>\n\t\t\t\t\t\t\t\t\t<span class=\"elementor-button-text\">Retour au portefeuille<\/span>\n\t\t\t\t\t<\/span>\n\t\t\t\t\t<\/a>\n\t\t\t\t<\/div>\n\t\t\t\t\t\t\t\t<\/div>\n\t\t\t\t<\/div>\n\t\t\t\t\t<\/div>\n\t\t<\/div>\n\t\t\t\t\t<\/div>\n\t\t<\/section>\n\t\t\t\t<\/div>","protected":false},"excerpt":{"rendered":"<p>Portfolio Industry: International business speaker Hirosushi Back to portfolio Client overview Hirosushi is a small sushi restaurant in Luxembourg with two locations in Luxembourg City and Mondorff, offering delicious sushi and Japanese cuisine to its clients. Objective The project aimed to achieve the following goals: Create a visually appealing and memorable logo for Hirosushi that [&hellip;]<\/p>\n","protected":false},"author":1,"featured_media":0,"parent":10590,"menu_order":0,"comment_status":"closed","ping_status":"closed","template":"","meta":{"footnotes":""},"class_list":["post-13209","page","type-page","status-publish","hentry"],"yoast_head":"<!-- This site is optimized with the Yoast SEO plugin v27.3 - https:\/\/yoast.com\/product\/yoast-seo-wordpress\/ -->\n<title>Hirosushi &#8226; GoldfishLab<\/title>\n<meta name=\"robots\" content=\"index, follow, max-snippet:-1, max-image-preview:large, max-video-preview:-1\" \/>\n<link rel=\"canonical\" href=\"https:\/\/goldfishlab.lu\/fr\/portfolio\/hirosushi\/\" \/>\n<meta property=\"og:locale\" content=\"fr_FR\" \/>\n<meta property=\"og:type\" content=\"article\" \/>\n<meta property=\"og:title\" content=\"Hirosushi &#8226; GoldfishLab\" \/>\n<meta property=\"og:description\" content=\"Portfolio Industry: International business speaker Hirosushi Back to portfolio Client overview Hirosushi is a small sushi restaurant in Luxembourg with two locations in Luxembourg City and Mondorff, offering delicious sushi and Japanese cuisine to its clients. Objective The project aimed to achieve the following goals: Create a visually appealing and memorable logo for Hirosushi that [&hellip;]\" \/>\n<meta property=\"og:url\" content=\"https:\/\/goldfishlab.lu\/fr\/portfolio\/hirosushi\/\" \/>\n<meta property=\"og:site_name\" content=\"GoldfishLab\" \/>\n<meta property=\"article:modified_time\" content=\"2024-08-29T22:10:15+00:00\" \/>\n<meta property=\"og:image\" content=\"https:\/\/goldfishlab.lu\/wp-content\/uploads\/2023\/03\/hirosushi-web-design-home-page-scaled.jpg\" \/>\n<meta name=\"twitter:card\" content=\"summary_large_image\" \/>\n<meta name=\"twitter:label1\" content=\"Dur\u00e9e de lecture estim\u00e9e\" \/>\n\t<meta name=\"twitter:data1\" content=\"2 minutes\" \/>\n<script type=\"application\/ld+json\" class=\"yoast-schema-graph\">{\"@context\":\"https:\\\/\\\/schema.org\",\"@graph\":[{\"@type\":\"WebPage\",\"@id\":\"https:\\\/\\\/goldfishlab.lu\\\/portfolio\\\/hirosushi\\\/\",\"url\":\"https:\\\/\\\/goldfishlab.lu\\\/portfolio\\\/hirosushi\\\/\",\"name\":\"Hirosushi &#8226; GoldfishLab\",\"isPartOf\":{\"@id\":\"https:\\\/\\\/goldfishlab.lu\\\/#website\"},\"primaryImageOfPage\":{\"@id\":\"https:\\\/\\\/goldfishlab.lu\\\/portfolio\\\/hirosushi\\\/#primaryimage\"},\"image\":{\"@id\":\"https:\\\/\\\/goldfishlab.lu\\\/portfolio\\\/hirosushi\\\/#primaryimage\"},\"thumbnailUrl\":\"https:\\\/\\\/goldfishlab.lu\\\/wp-content\\\/uploads\\\/2023\\\/03\\\/hirosushi-web-design-home-page-scaled.jpg\",\"datePublished\":\"2023-03-06T16:24:27+00:00\",\"dateModified\":\"2024-08-29T22:10:15+00:00\",\"breadcrumb\":{\"@id\":\"https:\\\/\\\/goldfishlab.lu\\\/portfolio\\\/hirosushi\\\/#breadcrumb\"},\"inLanguage\":\"fr-FR\",\"potentialAction\":[{\"@type\":\"ReadAction\",\"target\":[\"https:\\\/\\\/goldfishlab.lu\\\/portfolio\\\/hirosushi\\\/\"]}]},{\"@type\":\"ImageObject\",\"inLanguage\":\"fr-FR\",\"@id\":\"https:\\\/\\\/goldfishlab.lu\\\/portfolio\\\/hirosushi\\\/#primaryimage\",\"url\":\"https:\\\/\\\/goldfishlab.lu\\\/wp-content\\\/uploads\\\/2023\\\/03\\\/hirosushi-web-design-home-page-scaled.jpg\",\"contentUrl\":\"https:\\\/\\\/goldfishlab.lu\\\/wp-content\\\/uploads\\\/2023\\\/03\\\/hirosushi-web-design-home-page-scaled.jpg\"},{\"@type\":\"BreadcrumbList\",\"@id\":\"https:\\\/\\\/goldfishlab.lu\\\/portfolio\\\/hirosushi\\\/#breadcrumb\",\"itemListElement\":[{\"@type\":\"ListItem\",\"position\":1,\"name\":\"Home\",\"item\":\"https:\\\/\\\/goldfishlab.lu\\\/\"},{\"@type\":\"ListItem\",\"position\":2,\"name\":\"Portfolio\",\"item\":\"https:\\\/\\\/goldfishlab.lu\\\/portfolio\\\/\"},{\"@type\":\"ListItem\",\"position\":3,\"name\":\"Hirosushi\"}]},{\"@type\":\"WebSite\",\"@id\":\"https:\\\/\\\/goldfishlab.lu\\\/#website\",\"url\":\"https:\\\/\\\/goldfishlab.lu\\\/\",\"name\":\"GoldfishLab\",\"description\":\"Web Design Services, Online\\\/Offline Marketing in Luxembourg\",\"publisher\":{\"@id\":\"https:\\\/\\\/goldfishlab.lu\\\/#organization\"},\"potentialAction\":[{\"@type\":\"SearchAction\",\"target\":{\"@type\":\"EntryPoint\",\"urlTemplate\":\"https:\\\/\\\/goldfishlab.lu\\\/?s={search_term_string}\"},\"query-input\":{\"@type\":\"PropertyValueSpecification\",\"valueRequired\":true,\"valueName\":\"search_term_string\"}}],\"inLanguage\":\"fr-FR\"},{\"@type\":\"Organization\",\"@id\":\"https:\\\/\\\/goldfishlab.lu\\\/#organization\",\"name\":\"GoldfishLab\",\"url\":\"https:\\\/\\\/goldfishlab.lu\\\/\",\"logo\":{\"@type\":\"ImageObject\",\"inLanguage\":\"fr-FR\",\"@id\":\"https:\\\/\\\/goldfishlab.lu\\\/#\\\/schema\\\/logo\\\/image\\\/\",\"url\":\"https:\\\/\\\/goldfishlab.lu\\\/wp-content\\\/uploads\\\/2021\\\/10\\\/my-logo.png\",\"contentUrl\":\"https:\\\/\\\/goldfishlab.lu\\\/wp-content\\\/uploads\\\/2021\\\/10\\\/my-logo.png\",\"width\":600,\"height\":143,\"caption\":\"GoldfishLab\"},\"image\":{\"@id\":\"https:\\\/\\\/goldfishlab.lu\\\/#\\\/schema\\\/logo\\\/image\\\/\"}}]}<\/script>\n<!-- \/ Yoast SEO plugin. -->","yoast_head_json":{"title":"Hirosushi &#8226; GoldfishLab","robots":{"index":"index","follow":"follow","max-snippet":"max-snippet:-1","max-image-preview":"max-image-preview:large","max-video-preview":"max-video-preview:-1"},"canonical":"https:\/\/goldfishlab.lu\/fr\/portfolio\/hirosushi\/","og_locale":"fr_FR","og_type":"article","og_title":"Hirosushi &#8226; GoldfishLab","og_description":"Portfolio Industry: International business speaker Hirosushi Back to portfolio Client overview Hirosushi is a small sushi restaurant in Luxembourg with two locations in Luxembourg City and Mondorff, offering delicious sushi and Japanese cuisine to its clients. Objective The project aimed to achieve the following goals: Create a visually appealing and memorable logo for Hirosushi that [&hellip;]","og_url":"https:\/\/goldfishlab.lu\/fr\/portfolio\/hirosushi\/","og_site_name":"GoldfishLab","article_modified_time":"2024-08-29T22:10:15+00:00","og_image":[{"url":"https:\/\/goldfishlab.lu\/wp-content\/uploads\/2023\/03\/hirosushi-web-design-home-page-scaled.jpg","type":"","width":"","height":""}],"twitter_card":"summary_large_image","twitter_misc":{"Dur\u00e9e de lecture estim\u00e9e":"2 minutes"},"schema":{"@context":"https:\/\/schema.org","@graph":[{"@type":"WebPage","@id":"https:\/\/goldfishlab.lu\/portfolio\/hirosushi\/","url":"https:\/\/goldfishlab.lu\/portfolio\/hirosushi\/","name":"Hirosushi &#8226; GoldfishLab","isPartOf":{"@id":"https:\/\/goldfishlab.lu\/#website"},"primaryImageOfPage":{"@id":"https:\/\/goldfishlab.lu\/portfolio\/hirosushi\/#primaryimage"},"image":{"@id":"https:\/\/goldfishlab.lu\/portfolio\/hirosushi\/#primaryimage"},"thumbnailUrl":"https:\/\/goldfishlab.lu\/wp-content\/uploads\/2023\/03\/hirosushi-web-design-home-page-scaled.jpg","datePublished":"2023-03-06T16:24:27+00:00","dateModified":"2024-08-29T22:10:15+00:00","breadcrumb":{"@id":"https:\/\/goldfishlab.lu\/portfolio\/hirosushi\/#breadcrumb"},"inLanguage":"fr-FR","potentialAction":[{"@type":"ReadAction","target":["https:\/\/goldfishlab.lu\/portfolio\/hirosushi\/"]}]},{"@type":"ImageObject","inLanguage":"fr-FR","@id":"https:\/\/goldfishlab.lu\/portfolio\/hirosushi\/#primaryimage","url":"https:\/\/goldfishlab.lu\/wp-content\/uploads\/2023\/03\/hirosushi-web-design-home-page-scaled.jpg","contentUrl":"https:\/\/goldfishlab.lu\/wp-content\/uploads\/2023\/03\/hirosushi-web-design-home-page-scaled.jpg"},{"@type":"BreadcrumbList","@id":"https:\/\/goldfishlab.lu\/portfolio\/hirosushi\/#breadcrumb","itemListElement":[{"@type":"ListItem","position":1,"name":"Home","item":"https:\/\/goldfishlab.lu\/"},{"@type":"ListItem","position":2,"name":"Portfolio","item":"https:\/\/goldfishlab.lu\/portfolio\/"},{"@type":"ListItem","position":3,"name":"Hirosushi"}]},{"@type":"WebSite","@id":"https:\/\/goldfishlab.lu\/#website","url":"https:\/\/goldfishlab.lu\/","name":"GoldfishLab","description":"Services de conception Web, marketing en ligne\/hors ligne au Luxembourg","publisher":{"@id":"https:\/\/goldfishlab.lu\/#organization"},"potentialAction":[{"@type":"SearchAction","target":{"@type":"EntryPoint","urlTemplate":"https:\/\/goldfishlab.lu\/?s={search_term_string}"},"query-input":{"@type":"PropertyValueSpecification","valueRequired":true,"valueName":"search_term_string"}}],"inLanguage":"fr-FR"},{"@type":"Organization","@id":"https:\/\/goldfishlab.lu\/#organization","name":"GoldfishLab","url":"https:\/\/goldfishlab.lu\/","logo":{"@type":"ImageObject","inLanguage":"fr-FR","@id":"https:\/\/goldfishlab.lu\/#\/schema\/logo\/image\/","url":"https:\/\/goldfishlab.lu\/wp-content\/uploads\/2021\/10\/my-logo.png","contentUrl":"https:\/\/goldfishlab.lu\/wp-content\/uploads\/2021\/10\/my-logo.png","width":600,"height":143,"caption":"GoldfishLab"},"image":{"@id":"https:\/\/goldfishlab.lu\/#\/schema\/logo\/image\/"}}]}},"_links":{"self":[{"href":"https:\/\/goldfishlab.lu\/fr\/wp-json\/wp\/v2\/pages\/13209","targetHints":{"allow":["GET"]}}],"collection":[{"href":"https:\/\/goldfishlab.lu\/fr\/wp-json\/wp\/v2\/pages"}],"about":[{"href":"https:\/\/goldfishlab.lu\/fr\/wp-json\/wp\/v2\/types\/page"}],"author":[{"embeddable":true,"href":"https:\/\/goldfishlab.lu\/fr\/wp-json\/wp\/v2\/users\/1"}],"replies":[{"embeddable":true,"href":"https:\/\/goldfishlab.lu\/fr\/wp-json\/wp\/v2\/comments?post=13209"}],"version-history":[{"count":3,"href":"https:\/\/goldfishlab.lu\/fr\/wp-json\/wp\/v2\/pages\/13209\/revisions"}],"predecessor-version":[{"id":20547,"href":"https:\/\/goldfishlab.lu\/fr\/wp-json\/wp\/v2\/pages\/13209\/revisions\/20547"}],"up":[{"embeddable":true,"href":"https:\/\/goldfishlab.lu\/fr\/wp-json\/wp\/v2\/pages\/10590"}],"wp:attachment":[{"href":"https:\/\/goldfishlab.lu\/fr\/wp-json\/wp\/v2\/media?parent=13209"}],"curies":[{"name":"wp","href":"https:\/\/api.w.org\/{rel}","templated":true}]}}