{"id":13328,"date":"2023-03-06T20:51:02","date_gmt":"2023-03-06T20:51:02","guid":{"rendered":"https:\/\/goldfishlab.lu\/?page_id=13328"},"modified":"2023-03-16T18:39:30","modified_gmt":"2023-03-16T18:39:30","slug":"calma","status":"publish","type":"page","link":"https:\/\/goldfishlab.lu\/fr\/portfolio\/calma\/","title":{"rendered":"Calme"},"content":{"rendered":"<div data-elementor-type=\"wp-post\" data-elementor-id=\"13328\" class=\"elementor elementor-13328\" data-elementor-post-type=\"page\">\n\t\t\t\t\t\t<section class=\"elementor-section elementor-top-section elementor-element elementor-element-40ceaec9 elementor-section-full_width elementor-reverse-mobile elementor-section-height-default elementor-section-height-default\" data-id=\"40ceaec9\" data-element_type=\"section\" data-e-type=\"section\" data-settings=\"{&quot;background_background&quot;:&quot;classic&quot;}\">\n\t\t\t\t\t\t<div class=\"elementor-container elementor-column-gap-default\">\n\t\t\t\t\t<div class=\"elementor-column elementor-col-100 elementor-top-column elementor-element elementor-element-4101fddb\" data-id=\"4101fddb\" data-element_type=\"column\" data-e-type=\"column\" data-settings=\"{&quot;background_background&quot;:&quot;classic&quot;}\">\n\t\t\t<div class=\"elementor-widget-wrap elementor-element-populated\">\n\t\t\t\t\t\t<div class=\"elementor-element elementor-element-5fb2476 elementor-widget elementor-widget-heading\" data-id=\"5fb2476\" data-element_type=\"widget\" data-e-type=\"widget\" data-widget_type=\"heading.default\">\n\t\t\t\t<div class=\"elementor-widget-container\">\n\t\t\t\t\t<div class=\"elementor-heading-title elementor-size-default\">Portfolio<\/div>\t\t\t\t<\/div>\n\t\t\t\t<\/div>\n\t\t\t\t<div class=\"elementor-element elementor-element-51cb1f2 elementor-widget elementor-widget-heading\" data-id=\"51cb1f2\" data-element_type=\"widget\" data-e-type=\"widget\" data-widget_type=\"heading.default\">\n\t\t\t\t<div class=\"elementor-widget-container\">\n\t\t\t\t\t<div class=\"elementor-heading-title elementor-size-default\">Industrie : Cabines t\u00e9l\u00e9phoniques<\/div>\t\t\t\t<\/div>\n\t\t\t\t<\/div>\n\t\t\t\t<div class=\"elementor-element elementor-element-523a387 elementor-widget elementor-widget-heading\" data-id=\"523a387\" data-element_type=\"widget\" data-e-type=\"widget\" data-widget_type=\"heading.default\">\n\t\t\t\t<div class=\"elementor-widget-container\">\n\t\t\t\t\t<h1 class=\"elementor-heading-title elementor-size-default\">Calme<\/h1>\t\t\t\t<\/div>\n\t\t\t\t<\/div>\n\t\t\t\t<div class=\"elementor-element elementor-element-a6ed91b elementor-view-stacked elementor-shape-square elementor-position-inline-start elementor-widget elementor-widget-icon-box\" data-id=\"a6ed91b\" data-element_type=\"widget\" data-e-type=\"widget\" data-widget_type=\"icon-box.default\">\n\t\t\t\t<div class=\"elementor-widget-container\">\n\t\t\t\t\t\t\t<div class=\"elementor-icon-box-wrapper\">\n\n\t\t\t\t\t\t<div class=\"elementor-icon-box-icon\">\n\t\t\t\t<a href=\"https:\/\/goldfishlab.lu\/fr\/portfolio\/\" class=\"elementor-icon\" tabindex=\"-1\" aria-label=\"Retour au portefeuille\">\n\t\t\t\t<i aria-hidden=\"true\" class=\"fas fa-long-arrow-alt-left\"><\/i>\t\t\t\t<\/a>\n\t\t\t<\/div>\n\t\t\t\n\t\t\t\t\t\t<div class=\"elementor-icon-box-content\">\n\n\t\t\t\t\t\t\t\t\t<div class=\"elementor-icon-box-title\">\n\t\t\t\t\t\t<a href=\"https:\/\/goldfishlab.lu\/fr\/portfolio\/\" >\n\t\t\t\t\t\t\tRetour au portefeuille\t\t\t\t\t\t<\/a>\n\t\t\t\t\t<\/div>\n\t\t\t\t\n\t\t\t\t\n\t\t\t<\/div>\n\t\t\t\n\t\t<\/div>\n\t\t\t\t\t\t<\/div>\n\t\t\t\t<\/div>\n\t\t\t\t<div class=\"elementor-element elementor-element-b94430e elementor-widget-divider--view-line elementor-widget elementor-widget-divider\" data-id=\"b94430e\" data-element_type=\"widget\" data-e-type=\"widget\" data-widget_type=\"divider.default\">\n\t\t\t\t<div class=\"elementor-widget-container\">\n\t\t\t\t\t\t\t<div class=\"elementor-divider\">\n\t\t\t<span class=\"elementor-divider-separator\">\n\t\t\t\t\t\t<\/span>\n\t\t<\/div>\n\t\t\t\t\t\t<\/div>\n\t\t\t\t<\/div>\n\t\t\t\t\t<\/div>\n\t\t<\/div>\n\t\t\t\t\t<\/div>\n\t\t<\/section>\n\t\t\t\t<section class=\"elementor-section elementor-top-section elementor-element elementor-element-3cb31a2b elementor-section-boxed elementor-section-height-default elementor-section-height-default\" data-id=\"3cb31a2b\" data-element_type=\"section\" data-e-type=\"section\" data-settings=\"{&quot;background_background&quot;:&quot;classic&quot;}\">\n\t\t\t\t\t\t<div class=\"elementor-container elementor-column-gap-default\">\n\t\t\t\t\t<div class=\"elementor-column elementor-col-50 elementor-top-column elementor-element elementor-element-6db792d6\" data-id=\"6db792d6\" data-element_type=\"column\" data-e-type=\"column\">\n\t\t\t<div class=\"elementor-widget-wrap elementor-element-populated\">\n\t\t\t\t\t\t<div class=\"elementor-element elementor-element-5a83f4d elementor-widget elementor-widget-heading\" data-id=\"5a83f4d\" data-element_type=\"widget\" data-e-type=\"widget\" data-widget_type=\"heading.default\">\n\t\t\t\t<div class=\"elementor-widget-container\">\n\t\t\t\t\t<h3 class=\"elementor-heading-title elementor-size-default\">Pr\u00e9sentation des clients<\/h3>\t\t\t\t<\/div>\n\t\t\t\t<\/div>\n\t\t\t\t<div class=\"elementor-element elementor-element-c5b8296 elementor-widget elementor-widget-text-editor\" data-id=\"c5b8296\" data-element_type=\"widget\" data-e-type=\"widget\" data-widget_type=\"text-editor.default\">\n\t\t\t\t<div class=\"elementor-widget-container\">\n\t\t\t\t\t\t\t\t\t<p>Calma est un fournisseur de modules acoustiques de haute qualit\u00e9 qui offrent des espaces priv\u00e9s et insonoris\u00e9s pour des appels et des r\u00e9unions confidentiels.<\/p>\t\t\t\t\t\t\t\t<\/div>\n\t\t\t\t<\/div>\n\t\t\t\t<div class=\"elementor-element elementor-element-a91db84 elementor-widget elementor-widget-heading\" data-id=\"a91db84\" data-element_type=\"widget\" data-e-type=\"widget\" data-widget_type=\"heading.default\">\n\t\t\t\t<div class=\"elementor-widget-container\">\n\t\t\t\t\t<h3 class=\"elementor-heading-title elementor-size-default\">Objectif\n<\/h3>\t\t\t\t<\/div>\n\t\t\t\t<\/div>\n\t\t\t\t<div class=\"elementor-element elementor-element-87ccbc7 elementor-widget elementor-widget-text-editor\" data-id=\"87ccbc7\" data-element_type=\"widget\" data-e-type=\"widget\" data-widget_type=\"text-editor.default\">\n\t\t\t\t<div class=\"elementor-widget-container\">\n\t\t\t\t\t\t\t\t\t<p>Le projet visait \u00e0 atteindre les objectifs suivants :<\/p><ul><li>Cr\u00e9ez un site Web qui pr\u00e9sente les modules acoustiques de Calma en tant que solutions uniques et innovantes pour les espaces de travail alternatifs.<\/li><li>D\u00e9velopper un site Web convivial qui permet aux clients de se renseigner facilement sur les produits de Calma et de poser des questions.<\/li><li>Concevoir le site Web avec une esth\u00e9tique moderne et minimaliste qui refl\u00e8te l&#039;image de marque de Calma.<\/li><li>Assurez-vous que le site Web est enti\u00e8rement r\u00e9actif et optimis\u00e9 pour tous les appareils, offrant une exp\u00e9rience utilisateur transparente.<\/li><\/ul>\t\t\t\t\t\t\t\t<\/div>\n\t\t\t\t<\/div>\n\t\t\t\t<div class=\"elementor-element elementor-element-ec4f764 elementor-widget elementor-widget-heading\" data-id=\"ec4f764\" data-element_type=\"widget\" data-e-type=\"widget\" data-widget_type=\"heading.default\">\n\t\t\t\t<div class=\"elementor-widget-container\">\n\t\t\t\t\t<h3 class=\"elementor-heading-title elementor-size-default\">Approche\n<\/h3>\t\t\t\t<\/div>\n\t\t\t\t<\/div>\n\t\t\t\t<div class=\"elementor-element elementor-element-7ba549b elementor-widget elementor-widget-text-editor\" data-id=\"7ba549b\" data-element_type=\"widget\" data-e-type=\"widget\" data-widget_type=\"text-editor.default\">\n\t\t\t\t<div class=\"elementor-widget-container\">\n\t\t\t\t\t\t\t\t\t<p>Pour atteindre l&#039;objectif du projet de cr\u00e9er un site Web d&#039;une page simple, convivial et visuellement attrayant pour Calma, nous avons commenc\u00e9 par rechercher leur marque et leur public cible afin de d\u00e9velopper un concept de design qui refl\u00e8te leur identit\u00e9 unique.<\/p><p>Nous avons utilis\u00e9 une approche minimaliste et incorpor\u00e9 des images de haute qualit\u00e9 et des appels \u00e0 l&#039;action clairs pour guider les utilisateurs \u00e0 travers le site et les encourager \u00e0 en savoir plus sur les modules acoustiques de Calma.<\/p><p>Nous avons \u00e9galement veill\u00e9 \u00e0 ce que le site Web soit optimis\u00e9 pour des temps de chargement rapides et r\u00e9actifs sur tous les appareils, offrant une exp\u00e9rience utilisateur transparente.<\/p>\t\t\t\t\t\t\t\t<\/div>\n\t\t\t\t<\/div>\n\t\t\t\t\t<\/div>\n\t\t<\/div>\n\t\t\t\t<div class=\"elementor-column elementor-col-50 elementor-top-column elementor-element elementor-element-2fb3ba5e\" data-id=\"2fb3ba5e\" data-element_type=\"column\" data-e-type=\"column\">\n\t\t\t<div class=\"elementor-widget-wrap elementor-element-populated\">\n\t\t\t\t\t\t<div class=\"elementor-element elementor-element-3364b36 elementor-widget elementor-widget-heading\" data-id=\"3364b36\" data-element_type=\"widget\" data-e-type=\"widget\" data-widget_type=\"heading.default\">\n\t\t\t\t<div class=\"elementor-widget-container\">\n\t\t\t\t\t<h4 class=\"elementor-heading-title elementor-size-default\">Bref<\/h4>\t\t\t\t<\/div>\n\t\t\t\t<\/div>\n\t\t\t\t<div class=\"elementor-element elementor-element-03888e5 elementor-widget elementor-widget-heading\" data-id=\"03888e5\" data-element_type=\"widget\" data-e-type=\"widget\" data-widget_type=\"heading.default\">\n\t\t\t\t<div class=\"elementor-widget-container\">\n\t\t\t\t\t<h4 class=\"elementor-heading-title elementor-size-default\">Services<\/h4>\t\t\t\t<\/div>\n\t\t\t\t<\/div>\n\t\t\t\t<div class=\"elementor-element elementor-element-b98cfce elementor-icon-list--layout-traditional elementor-list-item-link-full_width elementor-widget elementor-widget-icon-list\" data-id=\"b98cfce\" data-element_type=\"widget\" data-e-type=\"widget\" data-widget_type=\"icon-list.default\">\n\t\t\t\t<div class=\"elementor-widget-container\">\n\t\t\t\t\t\t\t<ul class=\"elementor-icon-list-items\">\n\t\t\t\t\t\t\t<li class=\"elementor-icon-list-item\">\n\t\t\t\t\t\t\t\t\t\t\t<span class=\"elementor-icon-list-icon\">\n\t\t\t\t\t\t\t<i aria-hidden=\"true\" class=\"far fa-check-circle\"><\/i>\t\t\t\t\t\t<\/span>\n\t\t\t\t\t\t\t\t\t\t<span class=\"elementor-icon-list-text\">Conception de site Web<\/span>\n\t\t\t\t\t\t\t\t\t<\/li>\n\t\t\t\t\t\t\t\t<li class=\"elementor-icon-list-item\">\n\t\t\t\t\t\t\t\t\t\t\t<span class=\"elementor-icon-list-icon\">\n\t\t\t\t\t\t\t<i aria-hidden=\"true\" class=\"far fa-check-circle\"><\/i>\t\t\t\t\t\t<\/span>\n\t\t\t\t\t\t\t\t\t\t<span class=\"elementor-icon-list-text\">D\u00e9veloppement WordPress<\/span>\n\t\t\t\t\t\t\t\t\t<\/li>\n\t\t\t\t\t\t<\/ul>\n\t\t\t\t\t\t<\/div>\n\t\t\t\t<\/div>\n\t\t\t\t<div class=\"elementor-element elementor-element-d08475b elementor-widget elementor-widget-heading\" data-id=\"d08475b\" data-element_type=\"widget\" data-e-type=\"widget\" data-widget_type=\"heading.default\">\n\t\t\t\t<div class=\"elementor-widget-container\">\n\t\t\t\t\t<h4 class=\"elementor-heading-title elementor-size-default\">R\u00f4le<\/h4>\t\t\t\t<\/div>\n\t\t\t\t<\/div>\n\t\t\t\t<div class=\"elementor-element elementor-element-b588b0d elementor-icon-list--layout-traditional elementor-list-item-link-full_width elementor-widget elementor-widget-icon-list\" data-id=\"b588b0d\" data-element_type=\"widget\" data-e-type=\"widget\" data-widget_type=\"icon-list.default\">\n\t\t\t\t<div class=\"elementor-widget-container\">\n\t\t\t\t\t\t\t<ul class=\"elementor-icon-list-items\">\n\t\t\t\t\t\t\t<li class=\"elementor-icon-list-item\">\n\t\t\t\t\t\t\t\t\t\t\t<span class=\"elementor-icon-list-icon\">\n\t\t\t\t\t\t\t<i aria-hidden=\"true\" class=\"far fa-check-circle\"><\/i>\t\t\t\t\t\t<\/span>\n\t\t\t\t\t\t\t\t\t\t<span class=\"elementor-icon-list-text\">Direction cr\u00e9ative<\/span>\n\t\t\t\t\t\t\t\t\t<\/li>\n\t\t\t\t\t\t\t\t<li class=\"elementor-icon-list-item\">\n\t\t\t\t\t\t\t\t\t\t\t<span class=\"elementor-icon-list-icon\">\n\t\t\t\t\t\t\t<i aria-hidden=\"true\" class=\"far fa-check-circle\"><\/i>\t\t\t\t\t\t<\/span>\n\t\t\t\t\t\t\t\t\t\t<span class=\"elementor-icon-list-text\">Conception graphique<\/span>\n\t\t\t\t\t\t\t\t\t<\/li>\n\t\t\t\t\t\t\t\t<li class=\"elementor-icon-list-item\">\n\t\t\t\t\t\t\t\t\t\t\t<span class=\"elementor-icon-list-icon\">\n\t\t\t\t\t\t\t<i aria-hidden=\"true\" class=\"far fa-check-circle\"><\/i>\t\t\t\t\t\t<\/span>\n\t\t\t\t\t\t\t\t\t\t<span class=\"elementor-icon-list-text\">D\u00e9veloppement WordPress<\/span>\n\t\t\t\t\t\t\t\t\t<\/li>\n\t\t\t\t\t\t<\/ul>\n\t\t\t\t\t\t<\/div>\n\t\t\t\t<\/div>\n\t\t\t\t<div class=\"elementor-element elementor-element-3e3d866e elementor-align-left elementor-widget-mobile__width-inherit elementor-widget elementor-widget-button\" data-id=\"3e3d866e\" data-element_type=\"widget\" data-e-type=\"widget\" data-widget_type=\"button.default\">\n\t\t\t\t<div class=\"elementor-widget-container\">\n\t\t\t\t\t\t\t\t\t<div class=\"elementor-button-wrapper\">\n\t\t\t\t\t<a class=\"elementor-button elementor-button-link elementor-size-md\" href=\"https:\/\/calma.lu\/\" target=\"_blank\">\n\t\t\t\t\t\t<span class=\"elementor-button-content-wrapper\">\n\t\t\t\t\t\t<span class=\"elementor-button-icon\">\n\t\t\t\t\t\t\t<\/span>\n\t\t\t\t\t\t\t\t\t<span class=\"elementor-button-text\">Visitez le site Web<\/span>\n\t\t\t\t\t<\/span>\n\t\t\t\t\t<\/a>\n\t\t\t\t<\/div>\n\t\t\t\t\t\t\t\t<\/div>\n\t\t\t\t<\/div>\n\t\t\t\t\t<\/div>\n\t\t<\/div>\n\t\t\t\t\t<\/div>\n\t\t<\/section>\n\t\t\t\t<section class=\"elementor-section elementor-top-section elementor-element elementor-element-d9bae08 elementor-section-content-middle elementor-section-boxed elementor-section-height-default elementor-section-height-default\" data-id=\"d9bae08\" data-element_type=\"section\" data-e-type=\"section\" data-settings=\"{&quot;background_background&quot;:&quot;classic&quot;}\">\n\t\t\t\t\t\t<div class=\"elementor-container elementor-column-gap-default\">\n\t\t\t\t\t<div class=\"elementor-column elementor-col-100 elementor-top-column elementor-element elementor-element-7d2f20db\" data-id=\"7d2f20db\" data-element_type=\"column\" data-e-type=\"column\">\n\t\t\t<div class=\"elementor-widget-wrap elementor-element-populated\">\n\t\t\t\t\t\t<div class=\"elementor-element elementor-element-2b198937 elementor-widget elementor-widget-image\" data-id=\"2b198937\" data-element_type=\"widget\" data-e-type=\"widget\" data-widget_type=\"image.default\">\n\t\t\t\t<div class=\"elementor-widget-container\">\n\t\t\t\t\t\t\t\t\t\t\t\t\t\t\t<img fetchpriority=\"high\" decoding=\"async\" width=\"461\" height=\"2560\" src=\"https:\/\/goldfishlab.lu\/wp-content\/uploads\/2023\/03\/calma-web-design-home-page-scaled.jpg\" class=\"attachment-full size-full wp-image-13607\" alt=\"\" srcset=\"https:\/\/goldfishlab.lu\/wp-content\/uploads\/2023\/03\/calma-web-design-home-page-scaled.jpg 461w, https:\/\/goldfishlab.lu\/wp-content\/uploads\/2023\/03\/calma-web-design-home-page-768x4266.jpg 768w, https:\/\/goldfishlab.lu\/wp-content\/uploads\/2023\/03\/calma-web-design-home-page-369x2048.jpg 369w\" sizes=\"(max-width: 461px) 100vw, 461px\" \/>\t\t\t\t\t\t\t\t\t\t\t\t\t\t\t<\/div>\n\t\t\t\t<\/div>\n\t\t\t\t\t<\/div>\n\t\t<\/div>\n\t\t\t\t\t<\/div>\n\t\t<\/section>\n\t\t\t\t<section class=\"elementor-section elementor-top-section elementor-element elementor-element-d0062d1 elementor-section-boxed elementor-section-height-default elementor-section-height-default\" data-id=\"d0062d1\" data-element_type=\"section\" data-e-type=\"section\" data-settings=\"{&quot;background_background&quot;:&quot;classic&quot;}\">\n\t\t\t\t\t\t<div class=\"elementor-container elementor-column-gap-default\">\n\t\t\t\t\t<div class=\"elementor-column elementor-col-100 elementor-top-column elementor-element elementor-element-071dada\" data-id=\"071dada\" data-element_type=\"column\" data-e-type=\"column\">\n\t\t\t<div class=\"elementor-widget-wrap elementor-element-populated\">\n\t\t\t\t\t\t<div class=\"elementor-element elementor-element-4ea517c elementor-widget elementor-widget-button\" data-id=\"4ea517c\" data-element_type=\"widget\" data-e-type=\"widget\" data-widget_type=\"button.default\">\n\t\t\t\t<div class=\"elementor-widget-container\">\n\t\t\t\t\t\t\t\t\t<div class=\"elementor-button-wrapper\">\n\t\t\t\t\t<a class=\"elementor-button elementor-button-link elementor-size-sm\" href=\"https:\/\/goldfishlab.lu\/fr\/portfolio\/\">\n\t\t\t\t\t\t<span class=\"elementor-button-content-wrapper\">\n\t\t\t\t\t\t<span class=\"elementor-button-icon\">\n\t\t\t\t<i aria-hidden=\"true\" class=\"far fa-arrow-alt-circle-left\"><\/i>\t\t\t<\/span>\n\t\t\t\t\t\t\t\t\t<span class=\"elementor-button-text\">Retour au portefeuille<\/span>\n\t\t\t\t\t<\/span>\n\t\t\t\t\t<\/a>\n\t\t\t\t<\/div>\n\t\t\t\t\t\t\t\t<\/div>\n\t\t\t\t<\/div>\n\t\t\t\t\t<\/div>\n\t\t<\/div>\n\t\t\t\t\t<\/div>\n\t\t<\/section>\n\t\t\t\t<\/div>","protected":false},"excerpt":{"rendered":"<p>Portfolio Industry: Phone booths Calma Back to portfolio Client overview Calma is a provider of high-quality acoustic pods that offer private and soundproof spaces for confidential calls and meetings. Objective The project aimed to achieve the following goals: Create a website that showcases Calma&#8217;s acoustic pods as unique and innovative solutions for alternative workspaces. Develop [&hellip;]<\/p>\n","protected":false},"author":1,"featured_media":0,"parent":10590,"menu_order":0,"comment_status":"closed","ping_status":"closed","template":"elementor_header_footer","meta":{"footnotes":""},"class_list":["post-13328","page","type-page","status-publish","hentry"],"yoast_head":"<!-- This site is optimized with the Yoast SEO plugin v27.3 - https:\/\/yoast.com\/product\/yoast-seo-wordpress\/ -->\n<title>Calma &#8226; GoldfishLab<\/title>\n<meta name=\"robots\" content=\"index, follow, max-snippet:-1, max-image-preview:large, max-video-preview:-1\" \/>\n<link rel=\"canonical\" href=\"https:\/\/goldfishlab.lu\/fr\/portfolio\/calma\/\" \/>\n<meta property=\"og:locale\" content=\"fr_FR\" \/>\n<meta property=\"og:type\" content=\"article\" \/>\n<meta property=\"og:title\" content=\"Calma &#8226; GoldfishLab\" \/>\n<meta property=\"og:description\" content=\"Portfolio Industry: Phone booths Calma Back to portfolio Client overview Calma is a provider of high-quality acoustic pods that offer private and soundproof spaces for confidential calls and meetings. Objective The project aimed to achieve the following goals: Create a website that showcases Calma&#8217;s acoustic pods as unique and innovative solutions for alternative workspaces. Develop [&hellip;]\" \/>\n<meta property=\"og:url\" content=\"https:\/\/goldfishlab.lu\/fr\/portfolio\/calma\/\" \/>\n<meta property=\"og:site_name\" content=\"GoldfishLab\" \/>\n<meta property=\"article:modified_time\" content=\"2023-03-16T18:39:30+00:00\" \/>\n<meta property=\"og:image\" content=\"https:\/\/goldfishlab.lu\/wp-content\/uploads\/2023\/03\/calma-web-design-home-page-scaled.jpg\" \/>\n<meta name=\"twitter:card\" content=\"summary_large_image\" \/>\n<meta name=\"twitter:label1\" content=\"Dur\u00e9e de lecture estim\u00e9e\" \/>\n\t<meta name=\"twitter:data1\" content=\"2 minutes\" \/>\n<script type=\"application\/ld+json\" class=\"yoast-schema-graph\">{\"@context\":\"https:\\\/\\\/schema.org\",\"@graph\":[{\"@type\":\"WebPage\",\"@id\":\"https:\\\/\\\/goldfishlab.lu\\\/portfolio\\\/calma\\\/\",\"url\":\"https:\\\/\\\/goldfishlab.lu\\\/portfolio\\\/calma\\\/\",\"name\":\"Calma &#8226; GoldfishLab\",\"isPartOf\":{\"@id\":\"https:\\\/\\\/goldfishlab.lu\\\/#website\"},\"primaryImageOfPage\":{\"@id\":\"https:\\\/\\\/goldfishlab.lu\\\/portfolio\\\/calma\\\/#primaryimage\"},\"image\":{\"@id\":\"https:\\\/\\\/goldfishlab.lu\\\/portfolio\\\/calma\\\/#primaryimage\"},\"thumbnailUrl\":\"https:\\\/\\\/goldfishlab.lu\\\/wp-content\\\/uploads\\\/2023\\\/03\\\/calma-web-design-home-page-scaled.jpg\",\"datePublished\":\"2023-03-06T20:51:02+00:00\",\"dateModified\":\"2023-03-16T18:39:30+00:00\",\"breadcrumb\":{\"@id\":\"https:\\\/\\\/goldfishlab.lu\\\/portfolio\\\/calma\\\/#breadcrumb\"},\"inLanguage\":\"fr-FR\",\"potentialAction\":[{\"@type\":\"ReadAction\",\"target\":[\"https:\\\/\\\/goldfishlab.lu\\\/portfolio\\\/calma\\\/\"]}]},{\"@type\":\"ImageObject\",\"inLanguage\":\"fr-FR\",\"@id\":\"https:\\\/\\\/goldfishlab.lu\\\/portfolio\\\/calma\\\/#primaryimage\",\"url\":\"https:\\\/\\\/goldfishlab.lu\\\/wp-content\\\/uploads\\\/2023\\\/03\\\/calma-web-design-home-page-scaled.jpg\",\"contentUrl\":\"https:\\\/\\\/goldfishlab.lu\\\/wp-content\\\/uploads\\\/2023\\\/03\\\/calma-web-design-home-page-scaled.jpg\"},{\"@type\":\"BreadcrumbList\",\"@id\":\"https:\\\/\\\/goldfishlab.lu\\\/portfolio\\\/calma\\\/#breadcrumb\",\"itemListElement\":[{\"@type\":\"ListItem\",\"position\":1,\"name\":\"Home\",\"item\":\"https:\\\/\\\/goldfishlab.lu\\\/\"},{\"@type\":\"ListItem\",\"position\":2,\"name\":\"Portfolio\",\"item\":\"https:\\\/\\\/goldfishlab.lu\\\/portfolio\\\/\"},{\"@type\":\"ListItem\",\"position\":3,\"name\":\"Calma\"}]},{\"@type\":\"WebSite\",\"@id\":\"https:\\\/\\\/goldfishlab.lu\\\/#website\",\"url\":\"https:\\\/\\\/goldfishlab.lu\\\/\",\"name\":\"GoldfishLab\",\"description\":\"Web Design Services, Online\\\/Offline Marketing in Luxembourg\",\"publisher\":{\"@id\":\"https:\\\/\\\/goldfishlab.lu\\\/#organization\"},\"potentialAction\":[{\"@type\":\"SearchAction\",\"target\":{\"@type\":\"EntryPoint\",\"urlTemplate\":\"https:\\\/\\\/goldfishlab.lu\\\/?s={search_term_string}\"},\"query-input\":{\"@type\":\"PropertyValueSpecification\",\"valueRequired\":true,\"valueName\":\"search_term_string\"}}],\"inLanguage\":\"fr-FR\"},{\"@type\":\"Organization\",\"@id\":\"https:\\\/\\\/goldfishlab.lu\\\/#organization\",\"name\":\"GoldfishLab\",\"url\":\"https:\\\/\\\/goldfishlab.lu\\\/\",\"logo\":{\"@type\":\"ImageObject\",\"inLanguage\":\"fr-FR\",\"@id\":\"https:\\\/\\\/goldfishlab.lu\\\/#\\\/schema\\\/logo\\\/image\\\/\",\"url\":\"https:\\\/\\\/goldfishlab.lu\\\/wp-content\\\/uploads\\\/2021\\\/10\\\/my-logo.png\",\"contentUrl\":\"https:\\\/\\\/goldfishlab.lu\\\/wp-content\\\/uploads\\\/2021\\\/10\\\/my-logo.png\",\"width\":600,\"height\":143,\"caption\":\"GoldfishLab\"},\"image\":{\"@id\":\"https:\\\/\\\/goldfishlab.lu\\\/#\\\/schema\\\/logo\\\/image\\\/\"}}]}<\/script>\n<!-- \/ Yoast SEO plugin. -->","yoast_head_json":{"title":"Calma &#8226; GoldfishLab","robots":{"index":"index","follow":"follow","max-snippet":"max-snippet:-1","max-image-preview":"max-image-preview:large","max-video-preview":"max-video-preview:-1"},"canonical":"https:\/\/goldfishlab.lu\/fr\/portfolio\/calma\/","og_locale":"fr_FR","og_type":"article","og_title":"Calma &#8226; GoldfishLab","og_description":"Portfolio Industry: Phone booths Calma Back to portfolio Client overview Calma is a provider of high-quality acoustic pods that offer private and soundproof spaces for confidential calls and meetings. Objective The project aimed to achieve the following goals: Create a website that showcases Calma&#8217;s acoustic pods as unique and innovative solutions for alternative workspaces. Develop [&hellip;]","og_url":"https:\/\/goldfishlab.lu\/fr\/portfolio\/calma\/","og_site_name":"GoldfishLab","article_modified_time":"2023-03-16T18:39:30+00:00","og_image":[{"url":"https:\/\/goldfishlab.lu\/wp-content\/uploads\/2023\/03\/calma-web-design-home-page-scaled.jpg","type":"","width":"","height":""}],"twitter_card":"summary_large_image","twitter_misc":{"Dur\u00e9e de lecture estim\u00e9e":"2 minutes"},"schema":{"@context":"https:\/\/schema.org","@graph":[{"@type":"WebPage","@id":"https:\/\/goldfishlab.lu\/portfolio\/calma\/","url":"https:\/\/goldfishlab.lu\/portfolio\/calma\/","name":"Calma &#8226; GoldfishLab","isPartOf":{"@id":"https:\/\/goldfishlab.lu\/#website"},"primaryImageOfPage":{"@id":"https:\/\/goldfishlab.lu\/portfolio\/calma\/#primaryimage"},"image":{"@id":"https:\/\/goldfishlab.lu\/portfolio\/calma\/#primaryimage"},"thumbnailUrl":"https:\/\/goldfishlab.lu\/wp-content\/uploads\/2023\/03\/calma-web-design-home-page-scaled.jpg","datePublished":"2023-03-06T20:51:02+00:00","dateModified":"2023-03-16T18:39:30+00:00","breadcrumb":{"@id":"https:\/\/goldfishlab.lu\/portfolio\/calma\/#breadcrumb"},"inLanguage":"fr-FR","potentialAction":[{"@type":"ReadAction","target":["https:\/\/goldfishlab.lu\/portfolio\/calma\/"]}]},{"@type":"ImageObject","inLanguage":"fr-FR","@id":"https:\/\/goldfishlab.lu\/portfolio\/calma\/#primaryimage","url":"https:\/\/goldfishlab.lu\/wp-content\/uploads\/2023\/03\/calma-web-design-home-page-scaled.jpg","contentUrl":"https:\/\/goldfishlab.lu\/wp-content\/uploads\/2023\/03\/calma-web-design-home-page-scaled.jpg"},{"@type":"BreadcrumbList","@id":"https:\/\/goldfishlab.lu\/portfolio\/calma\/#breadcrumb","itemListElement":[{"@type":"ListItem","position":1,"name":"Home","item":"https:\/\/goldfishlab.lu\/"},{"@type":"ListItem","position":2,"name":"Portfolio","item":"https:\/\/goldfishlab.lu\/portfolio\/"},{"@type":"ListItem","position":3,"name":"Calma"}]},{"@type":"WebSite","@id":"https:\/\/goldfishlab.lu\/#website","url":"https:\/\/goldfishlab.lu\/","name":"GoldfishLab","description":"Services de conception Web, marketing en ligne\/hors ligne au Luxembourg","publisher":{"@id":"https:\/\/goldfishlab.lu\/#organization"},"potentialAction":[{"@type":"SearchAction","target":{"@type":"EntryPoint","urlTemplate":"https:\/\/goldfishlab.lu\/?s={search_term_string}"},"query-input":{"@type":"PropertyValueSpecification","valueRequired":true,"valueName":"search_term_string"}}],"inLanguage":"fr-FR"},{"@type":"Organization","@id":"https:\/\/goldfishlab.lu\/#organization","name":"GoldfishLab","url":"https:\/\/goldfishlab.lu\/","logo":{"@type":"ImageObject","inLanguage":"fr-FR","@id":"https:\/\/goldfishlab.lu\/#\/schema\/logo\/image\/","url":"https:\/\/goldfishlab.lu\/wp-content\/uploads\/2021\/10\/my-logo.png","contentUrl":"https:\/\/goldfishlab.lu\/wp-content\/uploads\/2021\/10\/my-logo.png","width":600,"height":143,"caption":"GoldfishLab"},"image":{"@id":"https:\/\/goldfishlab.lu\/#\/schema\/logo\/image\/"}}]}},"_links":{"self":[{"href":"https:\/\/goldfishlab.lu\/fr\/wp-json\/wp\/v2\/pages\/13328","targetHints":{"allow":["GET"]}}],"collection":[{"href":"https:\/\/goldfishlab.lu\/fr\/wp-json\/wp\/v2\/pages"}],"about":[{"href":"https:\/\/goldfishlab.lu\/fr\/wp-json\/wp\/v2\/types\/page"}],"author":[{"embeddable":true,"href":"https:\/\/goldfishlab.lu\/fr\/wp-json\/wp\/v2\/users\/1"}],"replies":[{"embeddable":true,"href":"https:\/\/goldfishlab.lu\/fr\/wp-json\/wp\/v2\/comments?post=13328"}],"version-history":[{"count":0,"href":"https:\/\/goldfishlab.lu\/fr\/wp-json\/wp\/v2\/pages\/13328\/revisions"}],"up":[{"embeddable":true,"href":"https:\/\/goldfishlab.lu\/fr\/wp-json\/wp\/v2\/pages\/10590"}],"wp:attachment":[{"href":"https:\/\/goldfishlab.lu\/fr\/wp-json\/wp\/v2\/media?parent=13328"}],"curies":[{"name":"wp","href":"https:\/\/api.w.org\/{rel}","templated":true}]}}